{"id":419,"date":"2020-06-08T21:19:29","date_gmt":"2020-06-08T19:19:29","guid":{"rendered":"https:\/\/zonawifimcy.com\/?post_type=product&#038;p=419"},"modified":"2024-07-11T08:33:38","modified_gmt":"2024-07-11T06:33:38","slug":"impresora-epson-lx-350","status":"publish","type":"product","link":"https:\/\/zonawifimcy.com\/index.php\/producto\/impresora-epson-lx-350\/","title":{"rendered":"IMPRESORA EPSON LX-350"},"content":{"rendered":"<h3 class=\"name\">Confiabilidad y robustez en un tama\u00f1o compacto<\/h3>\n<div class=\"description\">\n<p>Con tecnolog\u00eda de 9 pines, la LX-350 alcanza velocidades de impresi\u00f3n de hasta 390 cps. Su conectividad USB y Paralela y un nuevo dise\u00f1o m\u00e1s compacto (362 mm x 275 mm x 154 mm) la hacen una impresora muy pr\u00e1ctica en el mercado e ideal para cualquier tipo de \u00e1rea de trabajo. La LX-350 ofrece una confiabilidad asegurada de 10,000 horas de uso, un bajo costo de mantenimiento y ahora una nueva cinta con mayor rendimiento de hasta 4 millones de caracteres. La nueva LX-350 es la impresora ideal para negocios que buscan desempe\u00f1o con ahorro.<\/p>\n<ul class=\"details\">\n<li>\n<ul class=\"product-attributes\">\n<li style=\"list-style-type: none;\">\n<ul class=\"product-attributes\">\n<li style=\"list-style-type: none;\">\n<ul>\n<li>Mayor confiabilidad<\/li>\n<li>Alta velocidad de impresi\u00f3n en diversos tama\u00f1os<\/li>\n<li>Nueva cinta original de mayor rendimiento<\/li>\n<li>Gran conectividad<\/li>\n<\/ul>\n<\/li>\n<li>\n<section class=\"row\">\n<div class=\"simple-responsive-banner-component module-text-list js-tl-rte\" data-cpt-id=\"8796105999420\">\n<div class=\"module-content\">\n<p>Mejor Confiabilidad y Bajos Costos de Operaci\u00f3n y Mantenimiento<\/p>\n<p>Imprime gran variedad de documentos a alta velocidad<\/p>\n<p>Nueva cinta original con mayor rendimiento<\/p>\n<p>Capacidad de impresi\u00f3n de formas de 5 partes (1 original + 4 copias)<\/p>\n<p>Conectividad accesible<\/p>\n<\/div>\n<\/div>\n<\/section>\n<section class=\"row\">\n<div class=\"simple-responsive-banner-component module-text-list js-tl-rte\" data-cpt-id=\"8796105999420\">\n<div class=\"module-content\">\n<div class=\"text-rows two-up\">\n<div class=\"text-row three-fourths\">\n<h4 class=\"module-head\">Que hay en la caja:<\/h4>\n<ul>\n<li>Epson LX-350 Impact Printer<\/li>\n<li>Ribbon<\/li>\n<li>Printer Driver<\/li>\n<li>Quick Installation Guide<\/li>\n<li>Parallel Cable<\/li>\n<li>Power Cable<\/li>\n<\/ul>\n<\/div>\n<\/div>\n<\/div>\n<\/div>\n<\/section>\n<\/li>\n<\/ul>\n<\/li>\n<\/ul>\n<p><img loading=\"lazy\" decoding=\"async\" class=\"shrinkToFit aligncenter\" src=\"https:\/\/tenaenlinea.com\/wp-content\/uploads\/2019\/04\/IDC0058_1.jpg\" alt=\"https:\/\/tenaenlinea.com\/wp-content\/uploads\/2019\/04\/IDC0058_1.jpg\" width=\"537\" height=\"417\" \/><\/li>\n<\/ul>\n<div class=\"container-fluid container-main-content__aligned\">\n<div id=\"overview\" class=\"panel panel-default\">\n<div id=\"panel-overview\" class=\"panel-collapse collapse in\" data-parent=\"#accordion\">\n<div class=\"panel-body\">\n<section class=\"row\">\n<div class=\"simple-responsive-banner-component module-text-list js-tl-rte\" data-cpt-id=\"8796105999420\"><\/div>\n<\/section>\n<\/div>\n<\/div>\n<\/div>\n<\/div>\n<div class=\"container-fluid container-main-content__aligned\">\n<div id=\"specifications\" class=\"panel panel-default\">\n<div id=\"panel-specifications\" class=\"panel-collapse collapse in\" data-parent=\"#accordion\">\n<div class=\"panel-body\">\n<div class=\"row\">\n<div class=\"simple-responsive-banner-component module-text-list page-section in-module-accordion clearfix\">\n<div class=\"module-content\">\n<div class=\"text-rows three-up control-row\">\n<div class=\"product-classifications\">\n<div class=\"text-row\"><\/div>\n<\/div>\n<\/div>\n<\/div>\n<\/div>\n<\/div>\n<\/div>\n<\/div>\n<\/div>\n<\/div>\n<\/div>\n","protected":false},"excerpt":{"rendered":"<p>Confiabilidad y robustez en un tama\u00f1o compacto Con tecnolog\u00eda de 9 pines, la LX-350 alcanza velocidades de impresi\u00f3n de hasta 390 cps. Su conectividad USB y Paralela y un nuevo dise\u00f1o m\u00e1s compacto (362 mm x 275 mm x 154 mm) la hacen una impresora muy pr\u00e1ctica en el mercado e ideal para cualquier tipo<\/p>\n","protected":false},"featured_media":423,"comment_status":"open","ping_status":"closed","template":"","meta":{"_joinchat":[]},"class_list":["post-419","product","type-product","status-publish","has-post-thumbnail","hentry","product_cat-computacion","product_tag-epson","product_tag-lx-350"],"_links":{"self":[{"href":"https:\/\/zonawifimcy.com\/index.php\/wp-json\/wp\/v2\/product\/419","targetHints":{"allow":["GET"]}}],"collection":[{"href":"https:\/\/zonawifimcy.com\/index.php\/wp-json\/wp\/v2\/product"}],"about":[{"href":"https:\/\/zonawifimcy.com\/index.php\/wp-json\/wp\/v2\/types\/product"}],"replies":[{"embeddable":true,"href":"https:\/\/zonawifimcy.com\/index.php\/wp-json\/wp\/v2\/comments?post=419"}],"wp:featuredmedia":[{"embeddable":true,"href":"https:\/\/zonawifimcy.com\/index.php\/wp-json\/wp\/v2\/media\/423"}],"wp:attachment":[{"href":"https:\/\/zonawifimcy.com\/index.php\/wp-json\/wp\/v2\/media?parent=419"}],"curies":[{"name":"wp","href":"https:\/\/api.w.org\/{rel}","templated":true}]}}