{"id":444,"date":"2020-06-16T02:12:44","date_gmt":"2020-06-16T00:12:44","guid":{"rendered":"https:\/\/zonawifimcy.com\/?post_type=product&#038;p=444"},"modified":"2023-12-29T16:05:12","modified_gmt":"2023-12-29T15:05:12","slug":"servidor-de-torre-poweredge-t140","status":"publish","type":"product","link":"https:\/\/zonawifimcy.com\/index.php\/producto\/servidor-de-torre-poweredge-t140\/","title":{"rendered":"Servidor de torre PowerEdge T140"},"content":{"rendered":"<h2 class=\"title\">Descripci\u00f3n del producto<\/h2>\n<h2>T140Q4FY20 Servidor Dell PowerEdge T140 T140Q4FY20<\/h2>\n<p>T140Q4FY20 Servidor Dell PowerEdge T140 T140Q4FY20<\/p>\n<ul>\n<li>El Dell EMC PowerEdge T140 le permite centrarse en su negocio con un pr\u00e1ctico servidor inicial para empresas. Organice sus datos en un \u00fanico repositorio central.El T140 le permite gestionar las cargas de trabajo habituales del negocio de forma rentable.Es perfecto para aplicaciones empresariales de:\n<ul>\n<li>Archivo e impresi\u00f3n<\/li>\n<li>Correo y mensajer\u00eda<\/li>\n<li>Punto de venta<\/li>\n<li>Finanzas<\/li>\n<\/ul>\n<\/li>\n<\/ul>\n<p>El Dell EMC PowerEdge T140 le permite centrarse en su negocio. No se preocupe por la infraestructura inform\u00e1tica, nosotros nos encargamos de ella.<\/p>\n<ul>\n<li>Trabaje de forma m\u00e1s eficiente con un 50\u00a0% m\u00e1s de n\u00facleos con el procesador Intel Xeon E-2100, una velocidad de transferencia de datos un 11\u00a0% m\u00e1s r\u00e1pida y un 20\u00a0% m\u00e1s de l\u00edneas de PCIe<a class=\"technote microcontent\" rel=\"technotes:Based-on-t140\">*<\/a><\/li>\n<li>Consiga una instalaci\u00f3n un 66\u00a0% m\u00e1s r\u00e1pida con el paquete de servicios ProDeploy<a class=\"technote microcontent\" rel=\"technotes:Based-on-November\">*<\/a><\/li>\n<li>Resuelva problemas con un esfuerzo inform\u00e1tico un 72\u00a0% inferior con la tecnolog\u00eda automatizada proactiva y predictiva de ProSupport Plus y SupportAssist<a class=\"technote microcontent\" rel=\"technotes:Based-on-June\">*<\/a><\/li>\n<li>Aproveche las opciones de colocaci\u00f3n de torre flexibles con una ac\u00fastica silenciosa y una gran eficacia t\u00e9rmica<\/li>\n<\/ul>\n<h2>Proteja su informaci\u00f3n en todo momento<\/h2>\n<p>El Dell EMC PowerEdge T140 le permite centrarse en su negocio mientras protegemos sus datos.<\/p>\n<p>Disfrute de una arquitectura completa y ciberresistente con seguridad integrada en cada servidor que le ayuda a proteger sus datos.<\/p>\n<ul>\n<li>Proteja sus datos y los de su cliente<\/li>\n<li>Proteja sus datos con RAID de software que guarda los datos autom\u00e1ticamente<\/li>\n<li>Proteja su servidor frente a cambios maliciosos con el modo de iDRAC9 Enterprise Server Lockdown.<\/li>\n<li>Proteja la privacidad de los datos al readaptar o retirar servidores con System Erase del almacenamiento local<\/li>\n<\/ul>\n<p><strong>Especificaciones<\/strong><\/p>\n<ul>\n<li>PowerEdge T140 Intel\u00ae Xeon E-2126G 3.3Ghz<\/li>\n<li>Chassis with up to 4, 3.5 Hard Drives<\/li>\n<li>PERC H330, H730p, HBA330<\/li>\n<li>Performance Optimized<\/li>\n<li>8GB 2666MT\/s DDR4 ECC UDIMM<\/li>\n<li>1TB 7.2K RPM SATA 6Gbps 3.5in Cabled Hard Drive<\/li>\n<li>DVD ROM<\/li>\n<li>1 A\u00f1o de Garantia.<\/li>\n<\/ul>\n<p>&nbsp;<\/p>\n","protected":false},"excerpt":{"rendered":"<p>Descripci\u00f3n del producto T140Q4FY20 Servidor Dell PowerEdge T140 T140Q4FY20 T140Q4FY20 Servidor Dell PowerEdge T140 T140Q4FY20 El Dell EMC PowerEdge T140 le permite centrarse en su negocio con un pr\u00e1ctico servidor inicial para empresas. Organice sus datos en un \u00fanico repositorio central.El T140 le permite gestionar las cargas de trabajo habituales del negocio de forma rentable.Es<\/p>\n","protected":false},"featured_media":445,"comment_status":"open","ping_status":"closed","template":"","meta":{"_joinchat":{"telephone":"+584127534475"}},"class_list":["post-444","product","type-product","status-publish","has-post-thumbnail","hentry","product_cat-computacion","product_tag-dell","product_tag-servidor","product_tag-t140"],"_links":{"self":[{"href":"https:\/\/zonawifimcy.com\/index.php\/wp-json\/wp\/v2\/product\/444","targetHints":{"allow":["GET"]}}],"collection":[{"href":"https:\/\/zonawifimcy.com\/index.php\/wp-json\/wp\/v2\/product"}],"about":[{"href":"https:\/\/zonawifimcy.com\/index.php\/wp-json\/wp\/v2\/types\/product"}],"replies":[{"embeddable":true,"href":"https:\/\/zonawifimcy.com\/index.php\/wp-json\/wp\/v2\/comments?post=444"}],"wp:featuredmedia":[{"embeddable":true,"href":"https:\/\/zonawifimcy.com\/index.php\/wp-json\/wp\/v2\/media\/445"}],"wp:attachment":[{"href":"https:\/\/zonawifimcy.com\/index.php\/wp-json\/wp\/v2\/media?parent=444"}],"curies":[{"name":"wp","href":"https:\/\/api.w.org\/{rel}","templated":true}]}}