{"id":560,"date":"2024-02-04T20:49:06","date_gmt":"2024-02-04T19:49:06","guid":{"rendered":"https:\/\/zonawifimcy.com\/?post_type=product&#038;p=560"},"modified":"2024-02-04T20:53:27","modified_gmt":"2024-02-04T19:53:27","slug":"crimpeadora-ez-rj45-pasante-pass-through-ponchadora","status":"publish","type":"product","link":"https:\/\/zonawifimcy.com\/index.php\/producto\/crimpeadora-ez-rj45-pasante-pass-through-ponchadora\/","title":{"rendered":"Crimpeadora  Rj45 Pasante ( Pass Through) Ponchadora"},"content":{"rendered":"<h1 class=\"ui-pdp-title\" style=\"text-align: center;\">Crimpeadora\u00a0 Rj45 Pasante ( Pass Through) Ponchadora<\/h1>\n<p>&nbsp;<\/p>\n<p>Crimpeadora RJ45 Pasante (Pass Through) . Met\u00e1lico y con ratchet. Herramienta Profesional. Cero error en la elaboraci\u00f3n del conector RJ45. Evit\u00e9 perdida de tiempo y dinero.<\/p>\n<p>Con esta herramienta puedes crimpear conectores en ambas categor\u00edas 5 y 6<\/p>\n<p>Tambi\u00e9n tenemos los conectores RJ-45 Cat6 Pasante &#8211; PassThrough<\/p>\n<p>&nbsp;<\/p>\n<p>&nbsp;<\/p>\n<p><img loading=\"lazy\" decoding=\"async\" class=\"ui-pdp-image ui-pdp-gallery__figure__image aligncenter\" src=\"https:\/\/http2.mlstatic.com\/D_NQ_NP_787181-MLV50681832255_072022-O.webp\" alt=\"Crimpeadora Ez Rj45 Pasante ( Pass Through) Ponchadora\" width=\"474\" height=\"964\" data-zoom=\"https:\/\/http2.mlstatic.com\/D_NQ_NP_787181-MLV50681832255_072022-F.webp\" data-index=\"1\" \/><\/p>\n<p>&nbsp;<\/p>\n","protected":false},"excerpt":{"rendered":"<p>Crimpeadora\u00a0 Rj45 Pasante ( Pass Through) Ponchadora &nbsp; Crimpeadora RJ45 Pasante (Pass Through) . Met\u00e1lico y con ratchet. Herramienta Profesional. Cero error en la elaboraci\u00f3n del conector RJ45. Evit\u00e9 perdida de tiempo y dinero. Con esta herramienta puedes crimpear conectores en ambas categor\u00edas 5 y 6 Tambi\u00e9n tenemos los conectores RJ-45 Cat6 Pasante &#8211; PassThrough<\/p>\n","protected":false},"featured_media":561,"comment_status":"open","ping_status":"closed","template":"","meta":{"_joinchat":[]},"class_list":["post-560","product","type-product","status-publish","has-post-thumbnail","hentry","product_cat-cableado-estructurado","product_cat-sin-categorizar","product_tag-pasante"],"_links":{"self":[{"href":"https:\/\/zonawifimcy.com\/index.php\/wp-json\/wp\/v2\/product\/560","targetHints":{"allow":["GET"]}}],"collection":[{"href":"https:\/\/zonawifimcy.com\/index.php\/wp-json\/wp\/v2\/product"}],"about":[{"href":"https:\/\/zonawifimcy.com\/index.php\/wp-json\/wp\/v2\/types\/product"}],"replies":[{"embeddable":true,"href":"https:\/\/zonawifimcy.com\/index.php\/wp-json\/wp\/v2\/comments?post=560"}],"wp:featuredmedia":[{"embeddable":true,"href":"https:\/\/zonawifimcy.com\/index.php\/wp-json\/wp\/v2\/media\/561"}],"wp:attachment":[{"href":"https:\/\/zonawifimcy.com\/index.php\/wp-json\/wp\/v2\/media?parent=560"}],"curies":[{"name":"wp","href":"https:\/\/api.w.org\/{rel}","templated":true}]}}