{"id":569,"date":"2024-02-04T21:13:21","date_gmt":"2024-02-04T20:13:21","guid":{"rendered":"https:\/\/zonawifimcy.com\/?post_type=product&#038;p=569"},"modified":"2024-08-10T11:35:55","modified_gmt":"2024-08-10T09:35:55","slug":"convertidor-de-medios-ethernet-gigabit-mc220l-tp-link","status":"publish","type":"product","link":"https:\/\/zonawifimcy.com\/index.php\/producto\/convertidor-de-medios-ethernet-gigabit-mc220l-tp-link\/","title":{"rendered":"Convertidor de Medios Ethernet Gigabit  MC220L    TP LINK"},"content":{"rendered":"<p>&nbsp;<\/p>\n<div class=\"box title\">\n<div>\n<h2 class=\"product-name\"><\/h2>\n<\/div>\n<h1>Convertidor de Medios Ethernet Gigabit MC220L<\/h1>\n<\/div>\n<div class=\"box highlights\">\n<ul>\n<li>Compatible con IEEE 802.3ab y 802.3z IEEE<\/li>\n<li>El puerto FX es compatible con hot-swappable<\/li>\n<li>Ampl\u00eda la distancia de fibra de hasta 0.55 kilometros de fibra multimodo y 10 km de fibra de modo \u00fanico<\/li>\n<\/ul>\n<div class=\"overview-content\">\n<div>\n<div class=\"overview-article bg-gray\">\n<div class=\"container width-960px padding-default\">\n<h3>Para qu\u00e9 sirve este producto<\/h3>\n<p>El MC220L es un conversor de medios dise\u00f1ado para convertir el cable de fibra 1000BASE-SX\/LX\/LH a cable de cobre 1000Base-T o viceversa. El MC220L est\u00e1 dise\u00f1ado conforme a los est\u00e1ndares IEEE802.3ab, 1000Base-T, IEEE802.3z y 1000Base-SX\/LX\/LH. Puede usarse con cable de fibra multimodo y monomodo utilizando un conector tipo SC\/LC. Funciona a 850 nm tanto en el env\u00edo como en la recepci\u00f3n de datos cuando se utiliza fibra multimodo y a 1310 nm tanto en el env\u00edo como en la recepci\u00f3n de datos cuando se utiliza fibra monomodo.<\/p>\n<p>Otras de las funcionalidades de este m\u00f3dulo incluyen la posibilidad de utilizarse como un dispositivo por s\u00ed mismo (sin necesidad de carcasa) o con un chasis de 19&#8243; de TP-LINK. Adem\u00e1s, detecta autom\u00e1ticamente el modo MDI\/MDI-X para el puerto TX e incluye leds de estado en un panel frontal. El MC220L es capaz de transmitir datos a una distancia de hasta 0,55 kil\u00f3metros cuando se utiliza fibra multimodo y hasta 10 kil\u00f3metros con fibra monomodo.<\/p>\n<\/div>\n<table>\n<thead>\n<tr id=\"tr_1114\">\n<th colspan=\"2\"><a>CONVERTIDOR DE MEDIOS Y M\u00d3DULO<\/a><\/th>\n<\/tr>\n<\/thead>\n<tbody>\n<tr id=\"tr_1115\">\n<th width=\"35%\">Standards and Protocols<\/th>\n<td width=\"65%\">IEEE 802.3ab, IEEE 802.3z, IEEE 802.3x<\/td>\n<\/tr>\n<tr id=\"tr_1116\">\n<th width=\"35%\">Basic Function<\/th>\n<td width=\"65%\">Full Duplex Flow Control (IEEE 802.3x)<br \/>\nExtends fiber distance up to 0.5km using 50\/125um fiber<\/td>\n<\/tr>\n<tr id=\"tr_1117\">\n<th width=\"35%\">Ports<\/th>\n<td width=\"65%\">1 Gigabit SFP port<br \/>\n1 1000M RJ45 port (Auto MDI\/MDIX)<\/td>\n<\/tr>\n<tr id=\"tr_1598\">\n<th width=\"35%\">Wave Length<\/th>\n<td width=\"65%\">Depends on the used SFP module<\/td>\n<\/tr>\n<tr id=\"tr_1983\">\n<th width=\"35%\">Network Media 1000BASE-FX<\/th>\n<td width=\"65%\">Multi-mode\/Single-mode SFP module<\/td>\n<\/tr>\n<tr id=\"tr_5742\">\n<th width=\"35%\">Network Media 1000BASE-X<\/th>\n<td width=\"65%\">Multi-mode\/Single-mode SFP module<\/td>\n<\/tr>\n<tr id=\"tr_1982\">\n<th width=\"35%\">Network Media 1000BASE-T<\/th>\n<td width=\"65%\">UTP category 5, 5e, 6 cable (maxium 100m)<br \/>\nEIA\/TIA-568 100\u03a9 STP (maximum 100m)<\/td>\n<\/tr>\n<tr id=\"tr_1121\">\n<th width=\"35%\">LED Indicators<\/th>\n<td width=\"65%\">PWR, LINK, RX<\/td>\n<\/tr>\n<tr id=\"tr_1123\">\n<th width=\"35%\">Dimensions (W*D*H)<\/th>\n<td width=\"65%\">3.7*2.9*1.1 in. (94.5*73.0*27.0 mm)<\/td>\n<\/tr>\n<tr id=\"tr_1125\">\n<th width=\"35%\">Power Supply<\/th>\n<td width=\"65%\">External Power Adapter<\/td>\n<\/tr>\n<tr id=\"tr_3935\">\n<th width=\"35%\">Max Power Consumption<\/th>\n<td width=\"65%\">3.95W<\/td>\n<\/tr>\n<tr id=\"tr_1122\">\n<th width=\"35%\">Safety &amp; Emission<\/th>\n<td width=\"65%\">FCC, CE<\/td>\n<\/tr>\n<tr id=\"tr_6046\">\n<th width=\"35%\">Package Contents<\/th>\n<td width=\"65%\">\u2022 Media Converter MC220L<br \/>\n\u2022 Power Adapter<br \/>\n\u2022 Installation Guide<\/td>\n<\/tr>\n<tr id=\"tr_1124\">\n<th width=\"35%\">Environment<\/th>\n<td width=\"65%\">Operating Temperature: 0~40 (32~104)<br \/>\nStorage Temperature: -40~70 (-40~158)<br \/>\nOperating Humidity: 10%~90% non-condensing<br \/>\nStorage Humidity: 5%~90% non-condensing<\/td>\n<\/tr>\n<\/tbody>\n<\/table>\n<\/div>\n<\/div>\n<\/div>\n<\/div>\n","protected":false},"excerpt":{"rendered":"<p>&nbsp; Convertidor de Medios Ethernet Gigabit MC220L Compatible con IEEE 802.3ab y 802.3z IEEE El puerto FX es compatible con hot-swappable Ampl\u00eda la distancia de fibra de hasta 0.55 kilometros de fibra multimodo y 10 km de fibra de modo \u00fanico Para qu\u00e9 sirve este producto El MC220L es un conversor de medios dise\u00f1ado para<\/p>\n","protected":false},"featured_media":570,"comment_status":"open","ping_status":"closed","template":"","meta":{"_joinchat":[]},"class_list":["post-569","product","type-product","status-publish","has-post-thumbnail","hentry","product_cat-cableado-estructurado"],"_links":{"self":[{"href":"https:\/\/zonawifimcy.com\/index.php\/wp-json\/wp\/v2\/product\/569","targetHints":{"allow":["GET"]}}],"collection":[{"href":"https:\/\/zonawifimcy.com\/index.php\/wp-json\/wp\/v2\/product"}],"about":[{"href":"https:\/\/zonawifimcy.com\/index.php\/wp-json\/wp\/v2\/types\/product"}],"replies":[{"embeddable":true,"href":"https:\/\/zonawifimcy.com\/index.php\/wp-json\/wp\/v2\/comments?post=569"}],"wp:featuredmedia":[{"embeddable":true,"href":"https:\/\/zonawifimcy.com\/index.php\/wp-json\/wp\/v2\/media\/570"}],"wp:attachment":[{"href":"https:\/\/zonawifimcy.com\/index.php\/wp-json\/wp\/v2\/media?parent=569"}],"curies":[{"name":"wp","href":"https:\/\/api.w.org\/{rel}","templated":true}]}}