{"id":581,"date":"2024-02-04T23:43:17","date_gmt":"2024-02-04T22:43:17","guid":{"rendered":"https:\/\/zonawifimcy.com\/?post_type=product&#038;p=581"},"modified":"2024-02-04T23:44:00","modified_gmt":"2024-02-04T22:44:00","slug":"kvm-switch-selector-hdmi-4k-3-puertos-de-entrada-1-salida","status":"publish","type":"product","link":"https:\/\/zonawifimcy.com\/index.php\/producto\/kvm-switch-selector-hdmi-4k-3-puertos-de-entrada-1-salida\/","title":{"rendered":"Kvm Switch &#8211; Selector Hdmi 4k 3 Puertos De Entrada 1 Salida"},"content":{"rendered":"<p>*********************************************************************************************************<br \/>\nCaracter\u00edstica del Producto<br \/>\n**********************************************************************************************************<br \/>\nSPLITTER HDMI 1X3 SALIDAS<br \/>\nESPECIFICACIONES:<br \/>\n* MEDIDA 50 CM<br \/>\n* 1 ENTRADA HDMI Y 3 SALIDAS HDMI<\/p>\n<p>&nbsp;<\/p>\n<p>El interruptor\u00a0 3\u00d71 HDMI le permite conectar r\u00e1pida y f\u00e1cilmente 3 dispositivos fuente a su dispositivo de visualizaci\u00f3n HDMI.Si no hay suficientes conexiones HDMI en su televisor, este conmutador le ofrecer\u00e1 la soluci\u00f3n ideal. Permite el cambio conveniente entre dispositivos digitales,como PC,reproductores de DVD,receptores de sat\u00e9lite y videoc\u00e1maras digitales<\/p>\n<p>&nbsp;<\/p>\n<p>&nbsp;<\/p>\n","protected":false},"excerpt":{"rendered":"<p>********************************************************************************************************* Caracter\u00edstica del Producto ********************************************************************************************************** SPLITTER HDMI 1X3 SALIDAS ESPECIFICACIONES: * MEDIDA 50 CM * 1 ENTRADA HDMI Y 3 SALIDAS HDMI &nbsp; El interruptor\u00a0 3\u00d71 HDMI le permite conectar r\u00e1pida y f\u00e1cilmente 3 dispositivos fuente a su dispositivo de visualizaci\u00f3n HDMI.Si no hay suficientes conexiones HDMI en su televisor, este conmutador le ofrecer\u00e1 la<\/p>\n","protected":false},"featured_media":582,"comment_status":"open","ping_status":"closed","template":"","meta":{"_joinchat":[]},"class_list":["post-581","product","type-product","status-publish","has-post-thumbnail","hentry","product_cat-accesorios-varios"],"_links":{"self":[{"href":"https:\/\/zonawifimcy.com\/index.php\/wp-json\/wp\/v2\/product\/581","targetHints":{"allow":["GET"]}}],"collection":[{"href":"https:\/\/zonawifimcy.com\/index.php\/wp-json\/wp\/v2\/product"}],"about":[{"href":"https:\/\/zonawifimcy.com\/index.php\/wp-json\/wp\/v2\/types\/product"}],"replies":[{"embeddable":true,"href":"https:\/\/zonawifimcy.com\/index.php\/wp-json\/wp\/v2\/comments?post=581"}],"wp:featuredmedia":[{"embeddable":true,"href":"https:\/\/zonawifimcy.com\/index.php\/wp-json\/wp\/v2\/media\/582"}],"wp:attachment":[{"href":"https:\/\/zonawifimcy.com\/index.php\/wp-json\/wp\/v2\/media?parent=581"}],"curies":[{"name":"wp","href":"https:\/\/api.w.org\/{rel}","templated":true}]}}