{"id":586,"date":"2024-02-25T15:12:53","date_gmt":"2024-02-25T14:12:53","guid":{"rendered":"https:\/\/zonawifimcy.com\/?post_type=product&#038;p=586"},"modified":"2024-02-25T15:17:15","modified_gmt":"2024-02-25T14:17:15","slug":"rack-gabinete-para-dvr-145x40x40-cm-color-negro-metalnet","status":"publish","type":"product","link":"https:\/\/zonawifimcy.com\/index.php\/producto\/rack-gabinete-para-dvr-145x40x40-cm-color-negro-metalnet\/","title":{"rendered":"Rack Gabinete Para Dvr (14,5x40x40) Cm Color Negro Metalnet"},"content":{"rendered":"<p>Rack Gabinete para DVR (14,5x40x40) cm Color Negro Metalnet MODELO: 01PT302<\/p>\n<p>Dimensiones:<br \/>\nAncho: 40 cm<br \/>\nProfundidad: 40 cm<br \/>\nAlto: 14,5cm<\/p>\n<p>Fabricada con l\u00e1minas de hierro de 0,7mm<br \/>\nRecubierto con pintura electrost\u00e1tica en polvo.<br \/>\nIdeal para proteger de manera segura equipos DVR ante cualquier evento desafortunado (ca\u00edda de objetos, extracci\u00f3n del equipo o disco duro en caso de robo, manipulaci\u00f3n por personal no autorizado).<br \/>\nCaracter\u00edsticas:<br \/>\n1) Ranuras de ventilaci\u00f3n en laterales y en la puerta.<br \/>\n2) Acceso para tuber\u00edas y cableado.<br \/>\n3) Este tipo de gabinete puede ser fijado a la pared y as\u00ed evitar ca\u00eddas o golpes que puedan da\u00f1ar el equipo<br \/>\n4) La puerta tiene una peque\u00f1a cerradura y un juego de llaves con el cual se puede cerrar para evitar que alguien tome el equipo sin autorizaron.<br \/>\nEsta pr\u00e1ctica caja de protecci\u00f3n mantiene de forma oculta el cableado, mejorando as\u00ed la est\u00e9tica del lugar en que se instale la misma, su f\u00e1cil accesibilidad al instalarse directamente en la pared permite verificar el funcionamiento de los equipos de forma inmediata.<\/p>\n","protected":false},"excerpt":{"rendered":"<p>Rack Gabinete para DVR (14,5x40x40) cm Color Negro Metalnet MODELO: 01PT302 Dimensiones: Ancho: 40 cm Profundidad: 40 cm Alto: 14,5cm Fabricada con l\u00e1minas de hierro de 0,7mm Recubierto con pintura electrost\u00e1tica en polvo. Ideal para proteger de manera segura equipos DVR ante cualquier evento desafortunado (ca\u00edda de objetos, extracci\u00f3n del equipo o disco duro en<\/p>\n","protected":false},"featured_media":587,"comment_status":"open","ping_status":"closed","template":"","meta":{"_joinchat":{"message_text":"\u00a1Hola! Estoy en la tienda ZONAWIFIMCY 2.0 y quiero pedir m\u00e1s informaci\u00f3n."}},"class_list":["post-586","product","type-product","status-publish","has-post-thumbnail","hentry","product_cat-cableado-estructurado","product_tag-dvr","product_tag-gabinete"],"_links":{"self":[{"href":"https:\/\/zonawifimcy.com\/index.php\/wp-json\/wp\/v2\/product\/586","targetHints":{"allow":["GET"]}}],"collection":[{"href":"https:\/\/zonawifimcy.com\/index.php\/wp-json\/wp\/v2\/product"}],"about":[{"href":"https:\/\/zonawifimcy.com\/index.php\/wp-json\/wp\/v2\/types\/product"}],"replies":[{"embeddable":true,"href":"https:\/\/zonawifimcy.com\/index.php\/wp-json\/wp\/v2\/comments?post=586"}],"wp:featuredmedia":[{"embeddable":true,"href":"https:\/\/zonawifimcy.com\/index.php\/wp-json\/wp\/v2\/media\/587"}],"wp:attachment":[{"href":"https:\/\/zonawifimcy.com\/index.php\/wp-json\/wp\/v2\/media?parent=586"}],"curies":[{"name":"wp","href":"https:\/\/api.w.org\/{rel}","templated":true}]}}