{"id":601,"date":"2024-02-25T15:41:05","date_gmt":"2024-02-25T14:41:05","guid":{"rendered":"https:\/\/zonawifimcy.com\/?post_type=product&#038;p=601"},"modified":"2024-02-25T19:51:13","modified_gmt":"2024-02-25T18:51:13","slug":"gabinete-rack-de-piso-45u-qnet-1-metro-de-profundidad","status":"publish","type":"product","link":"https:\/\/zonawifimcy.com\/index.php\/producto\/gabinete-rack-de-piso-45u-qnet-1-metro-de-profundidad\/","title":{"rendered":"Gabinete Rack De Piso 45u Qnet 1 Metro De Profundidad"},"content":{"rendered":"<p>CARACTERSTICAS :<\/p>\n<p>&nbsp;<\/p>\n<p>GABINETE DE 45U CERRADO DE 1 METRO PROFUNDIDAD QNET<\/p>\n<p>CARACTER\u00cdSTICAS GENERALES<br \/>\n&#8211; Puertas Microperforadas<br \/>\n&#8211; 4 Extractores para disipar el calor de los Equipos Instalados.<br \/>\n&#8211; 4 Ruedas<br \/>\n&#8211; Dise\u00f1o elegante.<br \/>\n&#8211; Incluye dos juegos de llaves.<br \/>\n&#8211; Incluye todos los tornillos y tuercas para su ensamblado.<br \/>\n&#8211; Acabado en pintura electroest\u00e1tica.<\/p>\n<p>Estos gabinetes de piso son adecuados para: servidores en rack, equipos de red profesionales, interruptores, sistemas de entretenimiento dom\u00e9stico, sistemas de seguridad, paneles de conexi\u00f3n, equipos AV y cualquier otra tecnolog\u00eda profesional que pueda caber en su interior.<\/p>\n<p>Dependiendo de la naturaleza de la instalaci\u00f3n, podremos encontrar dentro de uno de estos armarios una amplia variedad de dispositivos con la particularidad de que todos ellos se han tenido que fabricar para ser compatibles con el est\u00e1ndar de 19 pulgadas, que no es m\u00e1s que unas medidas previamente definidas y que al ser tenidas en cuenta tanto por los fabricantes de armarios Rack como por los del hardware que vaya a ir dentro, permiten asegurar la compatibilidad entre ambos.<\/p>\n<p>&nbsp;<\/p>\n<p>SOLICITA PRESUPUESTO<br \/>\n0412-753.44.75 \/ 0424-303-11-06<br \/>\nSitio Web: www.zonawifimcy.com<br \/>\nzonawifimcy@yahoo.com.ve<\/p>\n<p>zonawifimcy2.0@gmail.com<\/p>\n","protected":false},"excerpt":{"rendered":"<p>CARACTERSTICAS : &nbsp; GABINETE DE 45U CERRADO DE 1 METRO PROFUNDIDAD QNET CARACTER\u00cdSTICAS GENERALES &#8211; Puertas Microperforadas &#8211; 4 Extractores para disipar el calor de los Equipos Instalados. &#8211; 4 Ruedas &#8211; Dise\u00f1o elegante. &#8211; Incluye dos juegos de llaves. &#8211; Incluye todos los tornillos y tuercas para su ensamblado. &#8211; Acabado en pintura electroest\u00e1tica.<\/p>\n","protected":false},"featured_media":602,"comment_status":"open","ping_status":"closed","template":"","meta":{"_joinchat":[]},"class_list":["post-601","product","type-product","status-publish","has-post-thumbnail","hentry","product_cat-cableado-estructurado"],"_links":{"self":[{"href":"https:\/\/zonawifimcy.com\/index.php\/wp-json\/wp\/v2\/product\/601","targetHints":{"allow":["GET"]}}],"collection":[{"href":"https:\/\/zonawifimcy.com\/index.php\/wp-json\/wp\/v2\/product"}],"about":[{"href":"https:\/\/zonawifimcy.com\/index.php\/wp-json\/wp\/v2\/types\/product"}],"replies":[{"embeddable":true,"href":"https:\/\/zonawifimcy.com\/index.php\/wp-json\/wp\/v2\/comments?post=601"}],"wp:featuredmedia":[{"embeddable":true,"href":"https:\/\/zonawifimcy.com\/index.php\/wp-json\/wp\/v2\/media\/602"}],"wp:attachment":[{"href":"https:\/\/zonawifimcy.com\/index.php\/wp-json\/wp\/v2\/media?parent=601"}],"curies":[{"name":"wp","href":"https:\/\/api.w.org\/{rel}","templated":true}]}}