{"id":609,"date":"2024-02-25T19:37:07","date_gmt":"2024-02-25T18:37:07","guid":{"rendered":"https:\/\/zonawifimcy.com\/?post_type=product&#038;p=609"},"modified":"2024-02-25T19:37:07","modified_gmt":"2024-02-25T18:37:07","slug":"crimpeadora-para-conector-rj6-y-rj59","status":"publish","type":"product","link":"https:\/\/zonawifimcy.com\/index.php\/producto\/crimpeadora-para-conector-rj6-y-rj59\/","title":{"rendered":"Crimpeadora Para Conector Rj6 Y Rj59"},"content":{"rendered":"<p>Ponchadora Crimpeadora Para Cable Coaxial Rg6 Y Rg59<\/p>\n<p>Producto: Herramienta Crimpadora Para Cable Coaxial &#8211; Herramienta de Compresi\u00f3n F Conector RG6\/RG59 Cable Alicate Terminador<\/p>\n<p>CARACTER\u00cdSTICAS:<\/p>\n<blockquote><p>Universal conector de Compresi\u00f3n F\/Herramienta Que Prensa.<br \/>\n&gt;Dise\u00f1o Ligero y ergon\u00f3mico.<br \/>\n&gt;Pre-calibrado y f\u00e1cil de usar.<br \/>\n&gt;Perfect para la TELEVISI\u00d3N Por Sat\u00e9lite, CATV, de Cine En casa, y de Seguridad.<br \/>\n&gt;Funciona con RG-6, RG-59, conectores de compresi\u00f3n.<br \/>\n&gt; Compatible con casi todos los conectores, por ejemplo. PPC, Digicon, Gilbert, holanda,<br \/>\nThomas Y Betts Snap y Seal, Ultrease, Stirling, la cerradura y Seal, etc.<\/p><\/blockquote>\n<p>SOLICITA PRESUPUESTO<br \/>\n0412-753.44.75 \/ 0424-303-11-06<br \/>\nSitio Web: www.zonawifimcy.com<br \/>\nzonawifimcy@yahoo.com.ve<\/p>\n<p>zonawifimcy2.0@gmail.com<\/p>\n","protected":false},"excerpt":{"rendered":"<p>Ponchadora Crimpeadora Para Cable Coaxial Rg6 Y Rg59 Producto: Herramienta Crimpadora Para Cable Coaxial &#8211; Herramienta de Compresi\u00f3n F Conector RG6\/RG59 Cable Alicate Terminador CARACTER\u00cdSTICAS: Universal conector de Compresi\u00f3n F\/Herramienta Que Prensa. &gt;Dise\u00f1o Ligero y ergon\u00f3mico. &gt;Pre-calibrado y f\u00e1cil de usar. &gt;Perfect para la TELEVISI\u00d3N Por Sat\u00e9lite, CATV, de Cine En casa, y de Seguridad.<\/p>\n","protected":false},"featured_media":610,"comment_status":"open","ping_status":"closed","template":"","meta":{"_joinchat":[]},"class_list":["post-609","product","type-product","status-publish","has-post-thumbnail","hentry","product_cat-accesorios-varios"],"_links":{"self":[{"href":"https:\/\/zonawifimcy.com\/index.php\/wp-json\/wp\/v2\/product\/609","targetHints":{"allow":["GET"]}}],"collection":[{"href":"https:\/\/zonawifimcy.com\/index.php\/wp-json\/wp\/v2\/product"}],"about":[{"href":"https:\/\/zonawifimcy.com\/index.php\/wp-json\/wp\/v2\/types\/product"}],"replies":[{"embeddable":true,"href":"https:\/\/zonawifimcy.com\/index.php\/wp-json\/wp\/v2\/comments?post=609"}],"wp:featuredmedia":[{"embeddable":true,"href":"https:\/\/zonawifimcy.com\/index.php\/wp-json\/wp\/v2\/media\/610"}],"wp:attachment":[{"href":"https:\/\/zonawifimcy.com\/index.php\/wp-json\/wp\/v2\/media?parent=609"}],"curies":[{"name":"wp","href":"https:\/\/api.w.org\/{rel}","templated":true}]}}