{"id":625,"date":"2024-02-25T20:01:55","date_gmt":"2024-02-25T19:01:55","guid":{"rendered":"https:\/\/zonawifimcy.com\/?post_type=product&#038;p=625"},"modified":"2024-02-25T20:08:28","modified_gmt":"2024-02-25T19:08:28","slug":"adaptador-de-red-usb-3-0-a-gigabit-ethernet-ue300-tp-link","status":"publish","type":"product","link":"https:\/\/zonawifimcy.com\/index.php\/producto\/adaptador-de-red-usb-3-0-a-gigabit-ethernet-ue300-tp-link\/","title":{"rendered":"Adaptador de red USB 3.0 a Gigabit Ethernet Ue300 TP LINK"},"content":{"rendered":"<h1>Adaptador de red USB 3.0 a Gigabit Ethernet<\/h1>\n<p>&nbsp;<\/p>\n<div class=\"box highlights\">\n<ul>\n<li>La soluci\u00f3n m\u00e1s r\u00e1pida de USB 3.0 y Gigabit garantiza una velocidad de transferencia de alta velocidad.<\/li>\n<li>Plug and Play en Windows (11\/10\/8.1\/8), Mac OS X (10.9 y versiones posteriores), Chrome OS y Linux OS.<\/li>\n<li>El dise\u00f1o plegable y port\u00e1til se adapta perfectamente a tu Ultrabook.<\/li>\n<\/ul>\n<table style=\"height: 384px;\" width=\"535\">\n<thead>\n<tr id=\"tr_3820\">\n<th colspan=\"2\"><a>Especificaciones<\/a><\/th>\n<\/tr>\n<\/thead>\n<tbody>\n<tr id=\"tr_3949\">\n<th width=\"35%\">Dimensiones<\/th>\n<td width=\"65%\">2,8 x 1,0 x 0,6 pulg. (71 x 26 x 16,2 mm)<\/td>\n<\/tr>\n<tr id=\"tr_3950\">\n<th width=\"35%\">Interfaz de Entrada<\/th>\n<td width=\"65%\">1 Puerto Ethernet RJ45 10\/100\/1000Mbps<\/td>\n<\/tr>\n<tr id=\"tr_3951\">\n<th width=\"35%\">Interfaz de Salida<\/th>\n<td width=\"65%\">1 Puerto USB 3.0<\/td>\n<\/tr>\n<tr id=\"tr_3952\">\n<th width=\"35%\">Chipset<\/th>\n<td width=\"65%\">RTL8153<\/td>\n<\/tr>\n<tr id=\"tr_3953\">\n<th width=\"35%\">Sistemas Soportados<\/th>\n<td width=\"65%\">Windows 11\/10\/8.1\/8\/7<br \/>\nMac OS 10.6-10.14<br \/>\nChrome OS<br \/>\nLinux OS<\/td>\n<\/tr>\n<tr id=\"tr_3831\">\n<th width=\"35%\">Contenido de Paquete<\/th>\n<td width=\"65%\">Adaptador de red USB 3.0 a Gigabit Ethernet,<br \/>\nGu\u00eda de instalaci\u00f3n r\u00e1pida&nbsp;<\/p>\n<p>SOLICITA PRESUPUESTO<br \/>\n0412-753.44.75 \/ 0424-303-11-06<br \/>\nSitio Web: www.zonawifimcy.com<br \/>\nzonawifimcy@yahoo.com.ve<\/p>\n<p>zonawifimcy2.0@gmail.com<\/td>\n<\/tr>\n<\/tbody>\n<\/table>\n<\/div>\n","protected":false},"excerpt":{"rendered":"<p>Adaptador de red USB 3.0 a Gigabit Ethernet &nbsp; La soluci\u00f3n m\u00e1s r\u00e1pida de USB 3.0 y Gigabit garantiza una velocidad de transferencia de alta velocidad. Plug and Play en Windows (11\/10\/8.1\/8), Mac OS X (10.9 y versiones posteriores), Chrome OS y Linux OS. El dise\u00f1o plegable y port\u00e1til se adapta perfectamente a tu Ultrabook.<\/p>\n","protected":false},"featured_media":626,"comment_status":"open","ping_status":"closed","template":"","meta":{"_joinchat":[]},"class_list":["post-625","product","type-product","status-publish","has-post-thumbnail","hentry","product_cat-cableado-estructurado"],"_links":{"self":[{"href":"https:\/\/zonawifimcy.com\/index.php\/wp-json\/wp\/v2\/product\/625","targetHints":{"allow":["GET"]}}],"collection":[{"href":"https:\/\/zonawifimcy.com\/index.php\/wp-json\/wp\/v2\/product"}],"about":[{"href":"https:\/\/zonawifimcy.com\/index.php\/wp-json\/wp\/v2\/types\/product"}],"replies":[{"embeddable":true,"href":"https:\/\/zonawifimcy.com\/index.php\/wp-json\/wp\/v2\/comments?post=625"}],"wp:featuredmedia":[{"embeddable":true,"href":"https:\/\/zonawifimcy.com\/index.php\/wp-json\/wp\/v2\/media\/626"}],"wp:attachment":[{"href":"https:\/\/zonawifimcy.com\/index.php\/wp-json\/wp\/v2\/media?parent=625"}],"curies":[{"name":"wp","href":"https:\/\/api.w.org\/{rel}","templated":true}]}}