{"id":632,"date":"2024-02-25T20:12:22","date_gmt":"2024-02-25T19:12:22","guid":{"rendered":"https:\/\/zonawifimcy.com\/?post_type=product&#038;p=632"},"modified":"2024-11-01T22:49:25","modified_gmt":"2024-11-01T21:49:25","slug":"tarjeta-de-red-gigabit-pci-express","status":"publish","type":"product","link":"https:\/\/zonawifimcy.com\/index.php\/producto\/tarjeta-de-red-gigabit-pci-express\/","title":{"rendered":"Tarjeta de red Gigabit PCI Express"},"content":{"rendered":"<h2 class=\"product-name\">TG-3468 Adaptador de red Gigabit PCI Express<\/h2>\n<div class=\"box highlights\">\n<p>&nbsp;<\/p>\n<ul>\n<li>Adaptador PCIe a 10\/100\/1000 Mbps<\/li>\n<li>Interface PCIe de 32 bits: ahorro de espacio en interior del equipo<\/li>\n<li>Funci\u00f3n Wake-on-LAN, gesti\u00f3n remota a trav\u00e9s de la red local<\/li>\n<\/ul>\n<\/div>\n<p>&nbsp;<\/p>\n<table>\n<thead>\n<tr id=\"tr_603\">\n<th colspan=\"2\"><a>CARACTER\u00cdSTICAS DE HARDWARE<\/a><\/th>\n<\/tr>\n<\/thead>\n<tbody>\n<tr id=\"tr_1079\">\n<th width=\"35%\">Est\u00e1ndares y Protocolos<\/th>\n<td width=\"65%\">IEEE 802.3, 802.3u, 802.3ab, 802.3x, 802.1Q, 802.1p CSMA \/ CD, TCP \/ IP<\/td>\n<\/tr>\n<tr id=\"tr_694\">\n<th width=\"35%\">Interfaz<\/th>\n<td width=\"65%\">PCI Express de 32 bits<br \/>\n1 puerto RJ45 a 10\/100\/1000 Mbps<\/td>\n<\/tr>\n<tr id=\"tr_1097\">\n<th width=\"35%\">Medios de Red<\/th>\n<td width=\"65%\">10BASE-T: cable UTP categor\u00eda 3, 4, 5 (100 metros m\u00e1ximo)<br \/>\nEIA\/TIA-568 100\u03a9 STP (m\u00e1ximo 100 m)<br \/>\n100BASE-TX: cable UTP categor\u00edas 5, 5e (m\u00e1ximo 100 metros)<br \/>\nEIA\/TIA-568 100\u03a9 STP (m\u00e1ximo 100 m)<br \/>\n1000Base-T: cables UTP categor\u00eda 5, 5e (m\u00e1ximo 100 metros)<\/td>\n<\/tr>\n<tr id=\"tr_1107\">\n<th width=\"35%\">LED<\/th>\n<td width=\"65%\">Status<\/td>\n<\/tr>\n<tr id=\"tr_693\">\n<th width=\"35%\">Est\u00e1ndares Inal\u00e1mbricos<\/th>\n<td width=\"65%\">IEEE802.3, IEEE802.3u, IEEE802.3ab, IEEE802.3x<\/td>\n<\/tr>\n<tr id=\"tr_1093\">\n<th width=\"35%\">Tasa de Transferencia<\/th>\n<td width=\"65%\">10\/100\/1000Mbps for Half-Duplex mode,<br \/>\n20\/200\/2000Mbps for Full-Duplex mode<\/td>\n<\/tr>\n<tr id=\"tr_1081\">\n<th width=\"35%\">Indicador de LED<\/th>\n<td width=\"65%\">1000 Mbps estado de enlace\/actividad, 100 Mbps enlace\/actividad, 10 Mbps enlace\/actividad<\/td>\n<\/tr>\n<tr id=\"tr_5743\">\n<th width=\"35%\">Dimensiones<\/th>\n<td width=\"65%\">3.1 \u00d7 4.8 \u00d7 0.8 in (78.5 \u00d7 120.8 \u00d7 21.5mm)<\/td>\n<\/tr>\n<tr id=\"tr_1112\">\n<th width=\"35%\">Control De Flujo<\/th>\n<td width=\"65%\">Control de flujo IEEE 802.3x (Full-Duplex)<\/td>\n<\/tr>\n<\/tbody>\n<\/table>\n<table>\n<thead>\n<tr id=\"tr_606\">\n<th colspan=\"2\"><a>Otros<\/a><\/th>\n<\/tr>\n<\/thead>\n<tbody>\n<tr id=\"tr_714\">\n<th width=\"35%\">Certificaciones<\/th>\n<td width=\"65%\">CE, FCC, RoHS<\/td>\n<\/tr>\n<tr id=\"tr_715\">\n<th width=\"35%\">Contenido del Paquete<\/th>\n<td width=\"65%\">Adaptador de red Gigabit PCI Express TG-3468<br \/>\nCD de utilidades<br \/>\nGu\u00eda r\u00e1pida de instalaci\u00f3n<\/td>\n<\/tr>\n<tr id=\"tr_716\">\n<th width=\"35%\">Requisitos del sistema<\/th>\n<td width=\"65%\">Windows 11, Windows 10(32\/64bits), Windows 8.1(32\/64bits), Windows 8(32\/64bits), Windows 7(32\/64bits), Windows Vista(32\/64bits), Windows XP<\/td>\n<\/tr>\n<tr id=\"tr_717\">\n<th width=\"35%\">Factores Ambientales<\/th>\n<td width=\"65%\">Temperatura de funcionamiento: 0\u2103~40\u2103 (32\u2109~104\u2109)<br \/>\nTemperatura de almacenamiento: -40\u2103~70\u2103 (-40\u2109~158\u2109)<br \/>\nHumedad de funcionamiento: 10%~90% sin condensaci\u00f3n<br \/>\nHumedad de almacenamiento: 5%~90% sin condensaci\u00f3<\/td>\n<\/tr>\n<\/tbody>\n<\/table>\n<div class=\"box highlights\">\n<p>PRESUPUESTO<br \/>\n0412-753.44.75 \/ 0424-303-11-06<br \/>\nSitio Web: www.zonawifimcy.com<br \/>\nzonawifimcy@yahoo.com.ve<\/p>\n<p>zonawifimcy2.0@gmail.com<\/p>\n<\/div>\n<p>&nbsp;<\/p>\n","protected":false},"excerpt":{"rendered":"<p>TG-3468 Adaptador de red Gigabit PCI Express &nbsp; Adaptador PCIe a 10\/100\/1000 Mbps Interface PCIe de 32 bits: ahorro de espacio en interior del equipo Funci\u00f3n Wake-on-LAN, gesti\u00f3n remota a trav\u00e9s de la red local &nbsp; CARACTER\u00cdSTICAS DE HARDWARE Est\u00e1ndares y Protocolos IEEE 802.3, 802.3u, 802.3ab, 802.3x, 802.1Q, 802.1p CSMA \/ CD, TCP \/ IP<\/p>\n","protected":false},"featured_media":633,"comment_status":"open","ping_status":"closed","template":"","meta":{"_joinchat":[]},"class_list":["post-632","product","type-product","status-publish","has-post-thumbnail","hentry","product_cat-cableado-estructurado"],"_links":{"self":[{"href":"https:\/\/zonawifimcy.com\/index.php\/wp-json\/wp\/v2\/product\/632","targetHints":{"allow":["GET"]}}],"collection":[{"href":"https:\/\/zonawifimcy.com\/index.php\/wp-json\/wp\/v2\/product"}],"about":[{"href":"https:\/\/zonawifimcy.com\/index.php\/wp-json\/wp\/v2\/types\/product"}],"replies":[{"embeddable":true,"href":"https:\/\/zonawifimcy.com\/index.php\/wp-json\/wp\/v2\/comments?post=632"}],"wp:featuredmedia":[{"embeddable":true,"href":"https:\/\/zonawifimcy.com\/index.php\/wp-json\/wp\/v2\/media\/633"}],"wp:attachment":[{"href":"https:\/\/zonawifimcy.com\/index.php\/wp-json\/wp\/v2\/media?parent=632"}],"curies":[{"name":"wp","href":"https:\/\/api.w.org\/{rel}","templated":true}]}}